{"id":15,"date":"2025-09-24T16:55:44","date_gmt":"2025-09-24T14:55:44","guid":{"rendered":"https:\/\/brandhip.com\/casaportea\/?page_id=15"},"modified":"2025-11-25T12:23:34","modified_gmt":"2025-11-25T11:23:34","slug":"about","status":"publish","type":"page","link":"https:\/\/brandhip.com\/casaprotea\/about\/","title":{"rendered":"About"},"content":{"rendered":"\t\t<div data-elementor-type=\"wp-page\" data-elementor-id=\"15\" class=\"elementor elementor-15\" data-elementor-post-type=\"page\">\n\t\t\t\t<div class=\"elementor-element elementor-element-53d9de6 e-con-full e-flex e-con e-parent\" data-id=\"53d9de6\" data-element_type=\"container\">\n\t\t<div class=\"elementor-element elementor-element-291f48c e-con-full e-flex e-con e-child\" data-id=\"291f48c\" data-element_type=\"container\">\n\t\t\t\t\t\t\t\t<p class=\"texto e-962708c-5db1322 e-962708c-e9a67d8 e-962708c-88a98e7 e-962708c-116d58e e-paragraph-base\"  >\n\t\t\t\t\t\t\t\t\t\tCasa Protea es un estudio creativo con sede en Barcelona, fundado en 2017 por Jes\u00fas Monteagudo y Pancho Doren, especializado en dise\u00f1o bot\u00e1nico y floral. Sus instalaciones se conciben como narrativas vivas que interact\u00faan con su entorno, inspir\u00e1ndose en la formaci\u00f3n de sus fundadores en Bellas Artes y Arquitectura, respectivamente. El trabajo de Casa Protea combina sensibilidad est\u00e9tica y sostenibilidad, y abarca desde instalaciones bot\u00e1nicas de gran formato hasta proyectos de interiorismo. El enfoque art\u00edstico del estudio, centrado en revelar la belleza y singularidad de las plantas, ha dado lugar a colaboraciones con reconocidas firmas internacionales como Loewe, Herm\u00e8s, Louis Vuitton, Chanel y Balenciaga.\n\t\t\t\t\t\t<\/p>\n\t\t\t\t<\/div>\n\t\t<div class=\"elementor-element elementor-element-9922954 e-con-full e-flex e-con e-child\" data-id=\"9922954\" data-element_type=\"container\" data-settings=\"{&quot;background_background&quot;:&quot;classic&quot;}\">\n\t\t\t\t<div class=\"elementor-element elementor-element-6826039 elementor-widget elementor-widget-image\" data-id=\"6826039\" data-element_type=\"widget\" data-widget_type=\"image.default\">\n\t\t\t\t\t\t\t\t\t\t\t\t\t\t\t<img loading=\"lazy\" decoding=\"async\" width=\"1080\" height=\"1620\" src=\"https:\/\/brandhip.com\/casaprotea\/wp-content\/uploads\/2025\/09\/casaprotea-about-01.jpg\" class=\"attachment-full size-full wp-image-160\" alt=\"\" srcset=\"https:\/\/brandhip.com\/casaprotea\/wp-content\/uploads\/2025\/09\/casaprotea-about-01.jpg 1080w, https:\/\/brandhip.com\/casaprotea\/wp-content\/uploads\/2025\/09\/casaprotea-about-01-600x900.jpg 600w, https:\/\/brandhip.com\/casaprotea\/wp-content\/uploads\/2025\/09\/casaprotea-about-01-200x300.jpg 200w, https:\/\/brandhip.com\/casaprotea\/wp-content\/uploads\/2025\/09\/casaprotea-about-01-683x1024.jpg 683w, https:\/\/brandhip.com\/casaprotea\/wp-content\/uploads\/2025\/09\/casaprotea-about-01-768x1152.jpg 768w, https:\/\/brandhip.com\/casaprotea\/wp-content\/uploads\/2025\/09\/casaprotea-about-01-1024x1536.jpg 1024w\" sizes=\"auto, (max-width: 1080px) 100vw, 1080px\" \/>\t\t\t\t\t\t\t\t\t\t\t\t\t\t\t<\/div>\n\t\t\t\t<\/div>\n\t\t<div class=\"elementor-element elementor-element-81a5260 e-con-full e-flex e-con e-child\" data-id=\"81a5260\" data-element_type=\"container\">\n\t\t\t\t<div class=\"elementor-element elementor-element-93dd696 elementor-widget elementor-widget-image\" data-id=\"93dd696\" data-element_type=\"widget\" data-widget_type=\"image.default\">\n\t\t\t\t\t\t\t\t\t\t\t\t\t\t\t<img loading=\"lazy\" decoding=\"async\" width=\"1080\" height=\"1620\" src=\"https:\/\/brandhip.com\/casaprotea\/wp-content\/uploads\/2025\/09\/casaprotea-about-02.jpg\" class=\"attachment-full size-full wp-image-159\" alt=\"\" srcset=\"https:\/\/brandhip.com\/casaprotea\/wp-content\/uploads\/2025\/09\/casaprotea-about-02.jpg 1080w, https:\/\/brandhip.com\/casaprotea\/wp-content\/uploads\/2025\/09\/casaprotea-about-02-600x900.jpg 600w, https:\/\/brandhip.com\/casaprotea\/wp-content\/uploads\/2025\/09\/casaprotea-about-02-200x300.jpg 200w, https:\/\/brandhip.com\/casaprotea\/wp-content\/uploads\/2025\/09\/casaprotea-about-02-683x1024.jpg 683w, https:\/\/brandhip.com\/casaprotea\/wp-content\/uploads\/2025\/09\/casaprotea-about-02-768x1152.jpg 768w, https:\/\/brandhip.com\/casaprotea\/wp-content\/uploads\/2025\/09\/casaprotea-about-02-1024x1536.jpg 1024w\" sizes=\"auto, (max-width: 1080px) 100vw, 1080px\" \/>\t\t\t\t\t\t\t\t\t\t\t\t\t\t\t<\/div>\n\t\t\t\t<\/div>\n\t\t\t\t<\/div>\n\t\t\t\t<\/div>\n\t\t","protected":false},"excerpt":{"rendered":"<p>Casa Protea es un estudio creativo con sede en Barcelona, fundado en 2017 por Jes\u00fas Monteagudo y Pancho Doren, especializado en dise\u00f1o bot\u00e1nico y floral. Sus instalaciones se conciben como narrativas vivas que interact\u00faan con su entorno, inspir\u00e1ndose en la formaci\u00f3n de sus fundadores en Bellas Artes y Arquitectura, respectivamente. El trabajo de Casa Protea [&hellip;]<\/p>\n","protected":false},"author":1,"featured_media":0,"parent":0,"menu_order":0,"comment_status":"closed","ping_status":"closed","template":"","meta":{"_acf_changed":false,"footnotes":""},"class_list":["post-15","page","type-page","status-publish","hentry"],"acf":[],"_links":{"self":[{"href":"https:\/\/brandhip.com\/casaprotea\/wp-json\/wp\/v2\/pages\/15","targetHints":{"allow":["GET"]}}],"collection":[{"href":"https:\/\/brandhip.com\/casaprotea\/wp-json\/wp\/v2\/pages"}],"about":[{"href":"https:\/\/brandhip.com\/casaprotea\/wp-json\/wp\/v2\/types\/page"}],"author":[{"embeddable":true,"href":"https:\/\/brandhip.com\/casaprotea\/wp-json\/wp\/v2\/users\/1"}],"replies":[{"embeddable":true,"href":"https:\/\/brandhip.com\/casaprotea\/wp-json\/wp\/v2\/comments?post=15"}],"version-history":[{"count":0,"href":"https:\/\/brandhip.com\/casaprotea\/wp-json\/wp\/v2\/pages\/15\/revisions"}],"wp:attachment":[{"href":"https:\/\/brandhip.com\/casaprotea\/wp-json\/wp\/v2\/media?parent=15"}],"curies":[{"name":"wp","href":"https:\/\/api.w.org\/{rel}","templated":true}]}}