{"id":19,"date":"2025-09-24T16:55:57","date_gmt":"2025-09-24T14:55:57","guid":{"rendered":"https:\/\/brandhip.com\/casaportea\/?page_id=19"},"modified":"2025-10-07T13:44:45","modified_gmt":"2025-10-07T11:44:45","slug":"contact","status":"publish","type":"page","link":"https:\/\/brandhip.com\/casaprotea\/contact\/","title":{"rendered":"Contact"},"content":{"rendered":"\t\t<div data-elementor-type=\"wp-page\" data-elementor-id=\"19\" class=\"elementor elementor-19\" data-elementor-post-type=\"page\">\n\t\t\t\t<div class=\"elementor-element elementor-element-84645c5 e-con-full e-flex e-con e-parent\" data-id=\"84645c5\" data-element_type=\"container\">\n\t\t<div class=\"elementor-element elementor-element-00616a8 e-con-full e-flex e-con e-child\" data-id=\"00616a8\" data-element_type=\"container\">\n\t\t\t\t\t\t\t<h2 class=\"titulo-peque e-heading-base\"  >\n\t\t\tDirecci\u00f3n\n\t\t<\/h2>\n\t\t\t\t<div class=\"elementor-element elementor-element-435fd73 elementor-widget elementor-widget-text-editor\" data-id=\"435fd73\" data-element_type=\"widget\" data-widget_type=\"text-editor.default\">\n\t\t\t\t\t\t\t\t\t<p>C\/ Ram\u00f3n y Cajal 124<br \/>08024 Barcelona<\/p>\t\t\t\t\t\t\t\t<\/div>\n\t\t\t\t\t\t\t<h2 class=\"titulo-peque e-heading-base\"  >\n\t\t\tHorario\n\t\t<\/h2>\n\t\t\t\t<div class=\"elementor-element elementor-element-1f443cf elementor-widget elementor-widget-text-editor\" data-id=\"1f443cf\" data-element_type=\"widget\" data-widget_type=\"text-editor.default\">\n\t\t\t\t\t\t\t\t\tMi\u00e9coles a Viernes<br>\n17:00h &#8211; 20:30h<br>\nS\u00e1bado<br>\n11:30h a 14:30h\t\t\t\t\t\t\t\t<\/div>\n\t\t\t\t\t\t\t<h2 class=\"titulo-peque e-heading-base\"  >\n\t\t\tTel\u00e9fono\n\t\t<\/h2>\n\t\t\t\t\t\t\t\t<p class=\"e-44d6bc2-0bdb117 texto e-paragraph-base\"  >\n\t\t\t\t\t\t\t\t\t\t<a href=\"tel:+34930022864\" target=\"_self\" class=\"e-paragraph-link-base\">\n\t\t\t\t\t\t\t\t+34 930 02 28 64\n\t\t\t\t\t\t<\/a>\n\t\t\t\t\t\t<\/p>\n\t\t\t\t\t\t\t<h2 class=\"titulo-peque e-heading-base\"  >\n\t\t\tMail\n\t\t<\/h2>\n\t\t\t\t\t\t\t\t<p class=\"e-028538a-b720ba0 texto e-paragraph-base\"  >\n\t\t\t\t\t\t\t\t\t\t<a href=\"mailto:hola@casaprotea.com\" target=\"_self\" class=\"e-paragraph-link-base\">\n\t\t\t\t\t\t\t\thola@casaprotea.com\n\t\t\t\t\t\t<\/a>\n\t\t\t\t\t\t<\/p>\n\t\t\t\t<\/div>\n\t\t<div class=\"elementor-element elementor-element-6dbae5d e-con-full e-flex e-con e-child\" data-id=\"6dbae5d\" data-element_type=\"container\" data-settings=\"{&quot;background_background&quot;:&quot;classic&quot;}\">\n\t\t\t\t<div class=\"elementor-element elementor-element-a3a0904 elementor-widget elementor-widget-image\" data-id=\"a3a0904\" data-element_type=\"widget\" data-widget_type=\"image.default\">\n\t\t\t\t\t\t\t\t\t\t\t\t\t\t\t<img loading=\"lazy\" decoding=\"async\" width=\"1620\" height=\"1080\" src=\"https:\/\/brandhip.com\/casaprotea\/wp-content\/uploads\/2025\/09\/casaprotea-contact.jpg\" class=\"attachment-full size-full wp-image-253\" alt=\"\" srcset=\"https:\/\/brandhip.com\/casaprotea\/wp-content\/uploads\/2025\/09\/casaprotea-contact.jpg 1620w, https:\/\/brandhip.com\/casaprotea\/wp-content\/uploads\/2025\/09\/casaprotea-contact-600x400.jpg 600w, https:\/\/brandhip.com\/casaprotea\/wp-content\/uploads\/2025\/09\/casaprotea-contact-300x200.jpg 300w, https:\/\/brandhip.com\/casaprotea\/wp-content\/uploads\/2025\/09\/casaprotea-contact-1024x683.jpg 1024w, https:\/\/brandhip.com\/casaprotea\/wp-content\/uploads\/2025\/09\/casaprotea-contact-768x512.jpg 768w, https:\/\/brandhip.com\/casaprotea\/wp-content\/uploads\/2025\/09\/casaprotea-contact-1536x1024.jpg 1536w\" sizes=\"auto, (max-width: 1620px) 100vw, 1620px\" \/>\t\t\t\t\t\t\t\t\t\t\t\t\t\t\t<\/div>\n\t\t\t\t<\/div>\n\t\t\t\t<\/div>\n\t\t\t\t<\/div>\n\t\t","protected":false},"excerpt":{"rendered":"<p>Direcci\u00f3n C\/ Ram\u00f3n y Cajal 12408024 Barcelona Horario Mi\u00e9coles a Viernes 17:00h &#8211; 20:30h S\u00e1bado 11:30h a 14:30h Tel\u00e9fono +34 930 02 28 64 Mail hola@casaprotea.com<\/p>\n","protected":false},"author":1,"featured_media":0,"parent":0,"menu_order":0,"comment_status":"closed","ping_status":"closed","template":"","meta":{"_acf_changed":false,"footnotes":""},"class_list":["post-19","page","type-page","status-publish","hentry"],"acf":[],"_links":{"self":[{"href":"https:\/\/brandhip.com\/casaprotea\/wp-json\/wp\/v2\/pages\/19","targetHints":{"allow":["GET"]}}],"collection":[{"href":"https:\/\/brandhip.com\/casaprotea\/wp-json\/wp\/v2\/pages"}],"about":[{"href":"https:\/\/brandhip.com\/casaprotea\/wp-json\/wp\/v2\/types\/page"}],"author":[{"embeddable":true,"href":"https:\/\/brandhip.com\/casaprotea\/wp-json\/wp\/v2\/users\/1"}],"replies":[{"embeddable":true,"href":"https:\/\/brandhip.com\/casaprotea\/wp-json\/wp\/v2\/comments?post=19"}],"version-history":[{"count":0,"href":"https:\/\/brandhip.com\/casaprotea\/wp-json\/wp\/v2\/pages\/19\/revisions"}],"wp:attachment":[{"href":"https:\/\/brandhip.com\/casaprotea\/wp-json\/wp\/v2\/media?parent=19"}],"curies":[{"name":"wp","href":"https:\/\/api.w.org\/{rel}","templated":true}]}}